{"id":95,"date":"2020-09-19T17:48:33","date_gmt":"2020-09-19T17:48:33","guid":{"rendered":"http:\/\/www.berlinantiquariat.com\/?page_id=95"},"modified":"2021-01-11T08:34:25","modified_gmt":"2021-01-11T08:34:25","slug":"lage","status":"publish","type":"page","link":"https:\/\/www.berlinantiquariat.com\/gb\/lage\/","title":{"rendered":"Location"},"content":{"rendered":"\n<p>Das <strong>BerlinAntiquariat<\/strong> finden Sie in Berlin-Steglitz, am s\u00fcdwestlichen Teil der Schlo\u00dfstra\u00dfe.<br>Dort hatten einst Franz Kafka (1), die STEGLITZER WERKSTATT mit F. H. Ehmcke, F. W. Kleukens und G. Belwe (2) und auch der DaDa-K\u00fcnstler Raoul Hausmann (3) ihr Domizil aufgeschlagen.<\/p>\n\n\n\n<p>Neben Georgii Dimitroff (3) und Konrad Zuse (4) sind noch weitere Pers\u00f6nlichkeiten (5) zu nennen, die hier Geschichten und Geschichte machten.<\/p>\n\n\n\n<figure class=\"wp-block-table\"><table><tbody><tr><td>(1)&nbsp;<\/td><td><em>\u201eIch \u2026 (bin) \u2026 tief dankbar, dass ich in Steglitz wohne. Mein Potsdamer Platz ist der Steglitzer Rathausplatz.\u201c<br>Brief vom (25.X. 1923) aus der Miquelstra\u00dfe 8 (heute Muthesiusstra\u00dfe 20-22), Ecke Rothenburgstra\u00dfe<\/em><\/td><\/tr><tr><td>(2)&nbsp;<\/td><td><em>siehe Stadtplan (Hausnummer 23 \/ 24)<\/em><\/td><\/tr><tr><td>(3)&nbsp;<\/td><td><em>siehe Stadtplan (Hausnummer 34)<\/em><\/td><\/tr><tr><td>(4)&nbsp;<\/td><td><em>einer der Erfinder des Computers. Es ist noch nicht endg\u00fcltig belegt, dass er an diesem Ort gewohnt hat. Wir arbeiten daran und sind f\u00fcr Hinweise dankbar&#8230;<\/em><\/td><\/tr><tr><td>(5)&nbsp;<\/td><td><em>eine erweiterte kleine Brosch\u00fcre zu diesem Thema soll wieder aufgelegt werden.<\/em> &#8230;inzwischen erschienen, 457 SEITEN, mehr Informationen im Antiquariat.<\/td><\/tr><\/tbody><\/table><\/figure>\n\n\n\n<figure class=\"wp-block-image size-large\"><img decoding=\"async\" width=\"497\" height=\"575\" src=\"https:\/\/www.berlinantiquariat.com\/wp-content\/uploads\/2020\/12\/Lageplan.gif\" alt=\"\" class=\"wp-image-184\"\/><\/figure>\n\n\n\n<p>Unter den Linden der Zimmermannstra\u00dfe, einer erstaunlich ruhigen, sehr gr\u00fcnen Nebenstra\u00dfe nahe dem beliebten Berliner Einkaufszentrum Schlo\u00dfstra\u00dfe finden Sie das <strong>BerlinAntiquariat<\/strong>. Hier gibt es zwar Parkraumbewirtschaftung \u2013 daf\u00fcr aber auch Parkpl\u00e4tze. Eine direkte Einfahrt von der Schlo\u00dfstra\u00dfe ist mit dem Auto leider nicht m\u00f6glich.<br><br>Zur Haltestelle Kieler Stra\u00dfe in der Schlo\u00dfstra\u00dfe fahren mehrere Autobus-Linien (M48, M85, 186, 282) und U-Bahnlinie 9, siehe Karte. Der Autobus M85 verbindet das <strong>BerlinAntiquariat<\/strong> direkt mit dem neuen Berliner Hauptbahnhof.<br>Der <strong>S-Bahnhof Rathaus Steglitz<\/strong> ist nach einem kurzen Fu\u00dfweg ebenfalls bequem zu erreichen. Mit der Linie S1 kommt man in wenigen Minuten zum Potsdamer Platz oder nach Potsdam.<br><br>Bitte beachten Sie unsere besonderen \u00d6ffnungszeiten:<br><strong>Mittwoch, Donnerstag u. Freitag von 15.00 &#8211; 18.30 Uhr<br>Samstag von 10.00 &#8211; 14.00 Uhr<\/strong><\/p>\n\n\n\n<figure class=\"wp-block-table\"><table><tbody><tr><td><img decoding=\"async\" width=\"166\" height=\"206\" class=\"wp-image-242\" style=\"width: 166px;\" src=\"https:\/\/www.berlinantiquariat.com\/wp-content\/uploads\/2021\/01\/img_01-4.jpg\" alt=\"\"><img decoding=\"async\" width=\"162\" height=\"206\" class=\"wp-image-243\" style=\"width: 162px;\" src=\"https:\/\/www.berlinantiquariat.com\/wp-content\/uploads\/2021\/01\/img_02-3.jpg\" alt=\"\"><img decoding=\"async\" width=\"144\" height=\"206\" class=\"wp-image-240\" style=\"width: 144px;\" src=\"https:\/\/www.berlinantiquariat.com\/wp-content\/uploads\/2021\/01\/img_03-3.jpg\" alt=\"\"><img decoding=\"async\" width=\"152\" height=\"205\" class=\"wp-image-241\" style=\"width: 152px;\" src=\"https:\/\/www.berlinantiquariat.com\/wp-content\/uploads\/2021\/01\/img_04-3.jpg\" alt=\"\"><\/td><\/tr><\/tbody><\/table><\/figure>\n","protected":false},"excerpt":{"rendered":"<p>Das BerlinAntiquariat finden Sie in Berlin-Steglitz, am s\u00fcdwestlichen Teil der Schlo\u00dfstra\u00dfe.Dort hatten einst Franz Kafka (1), die STEGLITZER WERKSTATT mit F. H. Ehmcke, F. W. Kleukens und G. Belwe (2) und auch der DaDa-K\u00fcnstler Raoul Hausmann (3) ihr Domizil aufgeschlagen. Neben Georgii Dimitroff (3) und Konrad Zuse (4) sind noch weitere Pers\u00f6nlichkeiten (5) zu nennen, &hellip; <\/p>\n<p class=\"link-more\"><a href=\"https:\/\/www.berlinantiquariat.com\/gb\/lage\/\" class=\"more-link\">Continue reading<span class=\"screen-reader-text\"> &#8220;Location&#8221;<\/span><\/a><\/p>\n","protected":false},"author":2,"featured_media":0,"parent":0,"menu_order":0,"comment_status":"closed","ping_status":"closed","template":"","meta":{"footnotes":""},"class_list":["post-95","page","type-page","status-publish","hentry"],"translation":{"provider":"WPGlobus","version":"3.0.2","language":"gb","enabled_languages":["de","gb"],"languages":{"de":{"title":true,"content":true,"excerpt":false},"gb":{"title":true,"content":true,"excerpt":false}}},"_links":{"self":[{"href":"https:\/\/www.berlinantiquariat.com\/gb\/wp-json\/wp\/v2\/pages\/95","targetHints":{"allow":["GET"]}}],"collection":[{"href":"https:\/\/www.berlinantiquariat.com\/gb\/wp-json\/wp\/v2\/pages"}],"about":[{"href":"https:\/\/www.berlinantiquariat.com\/gb\/wp-json\/wp\/v2\/types\/page"}],"author":[{"embeddable":true,"href":"https:\/\/www.berlinantiquariat.com\/gb\/wp-json\/wp\/v2\/users\/2"}],"replies":[{"embeddable":true,"href":"https:\/\/www.berlinantiquariat.com\/gb\/wp-json\/wp\/v2\/comments?post=95"}],"version-history":[{"count":12,"href":"https:\/\/www.berlinantiquariat.com\/gb\/wp-json\/wp\/v2\/pages\/95\/revisions"}],"predecessor-version":[{"id":248,"href":"https:\/\/www.berlinantiquariat.com\/gb\/wp-json\/wp\/v2\/pages\/95\/revisions\/248"}],"wp:attachment":[{"href":"https:\/\/www.berlinantiquariat.com\/gb\/wp-json\/wp\/v2\/media?parent=95"}],"curies":[{"name":"wp","href":"https:\/\/api.w.org\/{rel}","templated":true}]}}